{"id":550,"date":"2022-09-06T14:12:06","date_gmt":"2022-09-06T06:12:06","guid":{"rendered":"http:\/\/www.pgeneral.com\/?post_type=product&#038;p=550"},"modified":"2023-12-12T13:55:33","modified_gmt":"2023-12-12T05:55:33","slug":"molecule-spectrometer-8","status":"publish","type":"product","link":"https:\/\/www.pgeneral.com\/vi\/product\/molecule-spectrometer-8\/","title":{"rendered":"PH\u1ea6N M\u1ec0M UVWIN 6\/GMP"},"content":{"rendered":"","protected":false},"excerpt":{"rendered":"<p>UVWin l\u00e0 m\u1ed9t s\u1ea3n ph\u1ea9m ph\u1ea7n m\u1ec1m tr\u1ef1c quan, m\u1ea1nh m\u1ebd \u0111\u01b0\u1ee3c s\u1eed d\u1ee5ng \u0111\u1ec3 k\u1ebft n\u1ed1i v\u1edbi ph\u1ea1m vi m\u00e1y quang ph\u1ed5 UV-Vis c\u1ee7a Benchtop.<\/p>\n<p>Ph\u1ea7n m\u1ec1m UVWIN cung c\u1ea5p ki\u1ec3m so\u00e1t thi\u1ebft b\u1ecb ho\u00e0n ch\u1ec9nh c\u00f9ng v\u1edbi vi\u1ec7c thu th\u1eadp d\u1eef li\u1ec7u v\u00e0 to\u00e0n b\u1ed9 c\u00e1c c\u00f4ng c\u1ee5 to\u00e1n h\u1ecdc \u0111\u1ec3 gi\u1ea3i th\u00edch k\u1ebft qu\u1ea3 \u0111o l\u01b0\u1eddng.<\/p>\n<p>Ph\u1ea7n m\u1ec1m UVWIN \u0111\u01b0\u1ee3c t\u00e1ch th\u00e0nh b\u1ed1n kh\u00f4ng gian l\u00e0m vi\u1ec7c ch\u00ednh:<\/p>\n<p>\u25c6 Ph\u00e2n t\u00edch quang ph\u1ed5<\/p>\n<p>\u25c6 Ph\u00e2n t\u00edch \u0111\u1ecbnh l\u01b0\u1ee3ng<\/p>\n<p>\u25c6 Ph\u00e2n t\u00edch \u0111\u1ed9ng h\u1ecdc<\/p>\n<p>\u25c6 Ph\u00e2n t\u00edch tr\u1eafc quang<\/p>","protected":false},"featured_media":2484,"comment_status":"open","ping_status":"closed","template":"","meta":{"_acf_changed":false},"product_brand":[],"product_cat":[15,52],"product_tag":[],"class_list":{"0":"post-550","1":"product","2":"type-product","3":"status-publish","4":"has-post-thumbnail","6":"product_cat-molecular-spectrometer","7":"product_cat-uv-vis-iq-oq-pq-qualification-kit","9":"first","10":"instock","11":"shipping-taxable","12":"product-type-simple"},"acf":[],"_links":{"self":[{"href":"https:\/\/www.pgeneral.com\/vi\/wp-json\/wp\/v2\/product\/550","targetHints":{"allow":["GET"]}}],"collection":[{"href":"https:\/\/www.pgeneral.com\/vi\/wp-json\/wp\/v2\/product"}],"about":[{"href":"https:\/\/www.pgeneral.com\/vi\/wp-json\/wp\/v2\/types\/product"}],"replies":[{"embeddable":true,"href":"https:\/\/www.pgeneral.com\/vi\/wp-json\/wp\/v2\/comments?post=550"}],"wp:featuredmedia":[{"embeddable":true,"href":"https:\/\/www.pgeneral.com\/vi\/wp-json\/wp\/v2\/media\/2484"}],"wp:attachment":[{"href":"https:\/\/www.pgeneral.com\/vi\/wp-json\/wp\/v2\/media?parent=550"}],"wp:term":[{"taxonomy":"product_brand","embeddable":true,"href":"https:\/\/www.pgeneral.com\/vi\/wp-json\/wp\/v2\/product_brand?post=550"},{"taxonomy":"product_cat","embeddable":true,"href":"https:\/\/www.pgeneral.com\/vi\/wp-json\/wp\/v2\/product_cat?post=550"},{"taxonomy":"product_tag","embeddable":true,"href":"https:\/\/www.pgeneral.com\/vi\/wp-json\/wp\/v2\/product_tag?post=550"}],"curies":[{"name":"WP","href":"https:\/\/api.w.org\/{rel}","templated":true}]}}