{"id":3192,"date":"2023-11-06T16:33:33","date_gmt":"2023-11-06T08:33:33","guid":{"rendered":"https:\/\/www.pgeneral.com\/?post_type=product&#038;p=3192"},"modified":"2023-11-06T16:33:33","modified_gmt":"2023-11-06T08:33:33","slug":"double-beam-solid-sample-holder","status":"publish","type":"product","link":"https:\/\/www.pgeneral.com\/vi\/product\/double-beam-solid-sample-holder\/","title":{"rendered":"Gi\u00e1 \u0111\u1ee1 m\u1eabu r\u1eafn ch\u00f9m \u0111\u00f4i"},"content":{"rendered":"","protected":false},"excerpt":{"rendered":"<p>S\u1ef1 mi\u00eau t\u1ea3:<\/p>\n<p>C\u00e1c m\u1eabu r\u1eafn l\u00e1t c\u00f3 th\u1ec3 \u0111\u01b0\u1ee3c \u0111\u1eb7t tr\u00ean gi\u00e1 \u0111\u1ee1 m\u1eabu r\u1eafn ch\u00f9m \u0111\u00f4i v\u00e0 c\u1ed1 \u0111\u1ecbnh tr\u00ean \u0111\u01b0\u1eddng d\u1eabn quang.<\/p>","protected":false},"featured_media":3179,"template":"","meta":{"_acf_changed":false},"product_brand":[],"product_cat":[80],"product_tag":[],"class_list":{"0":"post-3192","1":"product","2":"type-product","3":"status-publish","4":"has-post-thumbnail","6":"product_cat-accessories","8":"first","9":"instock","10":"shipping-taxable","11":"product-type-simple"},"acf":[],"_links":{"self":[{"href":"https:\/\/www.pgeneral.com\/vi\/wp-json\/wp\/v2\/product\/3192","targetHints":{"allow":["GET"]}}],"collection":[{"href":"https:\/\/www.pgeneral.com\/vi\/wp-json\/wp\/v2\/product"}],"about":[{"href":"https:\/\/www.pgeneral.com\/vi\/wp-json\/wp\/v2\/types\/product"}],"wp:featuredmedia":[{"embeddable":true,"href":"https:\/\/www.pgeneral.com\/vi\/wp-json\/wp\/v2\/media\/3179"}],"wp:attachment":[{"href":"https:\/\/www.pgeneral.com\/vi\/wp-json\/wp\/v2\/media?parent=3192"}],"wp:term":[{"taxonomy":"product_brand","embeddable":true,"href":"https:\/\/www.pgeneral.com\/vi\/wp-json\/wp\/v2\/product_brand?post=3192"},{"taxonomy":"product_cat","embeddable":true,"href":"https:\/\/www.pgeneral.com\/vi\/wp-json\/wp\/v2\/product_cat?post=3192"},{"taxonomy":"product_tag","embeddable":true,"href":"https:\/\/www.pgeneral.com\/vi\/wp-json\/wp\/v2\/product_tag?post=3192"}],"curies":[{"name":"WP","href":"https:\/\/api.w.org\/{rel}","templated":true}]}}