{"id":3187,"date":"2023-11-06T16:25:19","date_gmt":"2023-11-06T08:25:19","guid":{"rendered":"https:\/\/www.pgeneral.com\/?post_type=product&#038;p=3187"},"modified":"2023-11-06T16:25:19","modified_gmt":"2023-11-06T08:25:19","slug":"double-beam-thermostatic-5-cell-holder","status":"publish","type":"product","link":"https:\/\/www.pgeneral.com\/vi\/product\/double-beam-thermostatic-5-cell-holder\/","title":{"rendered":"B\u1ed9 gi\u1eef nhi\u1ec7t 5 t\u1ebf b\u00e0o \u0111\u01b0\u1ee3c ch\u00f9m tia nhi\u1ec7t k\u00e9p"},"content":{"rendered":"","protected":false},"excerpt":{"rendered":"<p>C\u00f3 \u0111\u01b0\u1eddng \u1ed1ng tr\u00ean ng\u01b0\u1eddi gi\u1eef.<br \/>\n\u1ed0ng k\u1ebft n\u1ed1i: \u0111\u01b0\u1eddng k\u00ednh b\u00ean trong, ph\u1ea1m vi b\u01b0\u1edbc s\u00f3ng: 185\uff0d900nm, Pathlength: 10 mm, gi\u1eef \u00f4: 5<\/p>","protected":false},"featured_media":3174,"comment_status":"open","ping_status":"closed","template":"","meta":{"_acf_changed":false},"product_brand":[],"product_cat":[80],"product_tag":[],"class_list":{"0":"post-3187","1":"product","2":"type-product","3":"status-publish","4":"has-post-thumbnail","6":"product_cat-accessories","8":"first","9":"instock","10":"shipping-taxable","11":"product-type-simple"},"acf":[],"_links":{"self":[{"href":"https:\/\/www.pgeneral.com\/vi\/wp-json\/wp\/v2\/product\/3187","targetHints":{"allow":["GET"]}}],"collection":[{"href":"https:\/\/www.pgeneral.com\/vi\/wp-json\/wp\/v2\/product"}],"about":[{"href":"https:\/\/www.pgeneral.com\/vi\/wp-json\/wp\/v2\/types\/product"}],"replies":[{"embeddable":true,"href":"https:\/\/www.pgeneral.com\/vi\/wp-json\/wp\/v2\/comments?post=3187"}],"wp:featuredmedia":[{"embeddable":true,"href":"https:\/\/www.pgeneral.com\/vi\/wp-json\/wp\/v2\/media\/3174"}],"wp:attachment":[{"href":"https:\/\/www.pgeneral.com\/vi\/wp-json\/wp\/v2\/media?parent=3187"}],"wp:term":[{"taxonomy":"product_brand","embeddable":true,"href":"https:\/\/www.pgeneral.com\/vi\/wp-json\/wp\/v2\/product_brand?post=3187"},{"taxonomy":"product_cat","embeddable":true,"href":"https:\/\/www.pgeneral.com\/vi\/wp-json\/wp\/v2\/product_cat?post=3187"},{"taxonomy":"product_tag","embeddable":true,"href":"https:\/\/www.pgeneral.com\/vi\/wp-json\/wp\/v2\/product_tag?post=3187"}],"curies":[{"name":"WP","href":"https:\/\/api.w.org\/{rel}","templated":true}]}}