{"id":3186,"date":"2023-11-06T16:23:17","date_gmt":"2023-11-06T08:23:17","guid":{"rendered":"https:\/\/www.pgeneral.com\/?post_type=product&#038;p=3186"},"modified":"2023-11-06T16:23:17","modified_gmt":"2023-11-06T08:23:17","slug":"dual-channel-sipper-pump-accessories","status":"publish","type":"product","link":"https:\/\/www.pgeneral.com\/vi\/product\/dual-channel-sipper-pump-accessories\/","title":{"rendered":"Ph\u1ee5 ki\u1ec7n b\u01a1m Sipper K\u00eanh k\u00e9p"},"content":{"rendered":"","protected":false},"excerpt":{"rendered":"<p>S\u1ef1 mi\u00eau t\u1ea3:<br \/>\nN\u00f3 l\u00e0 m\u1ed9t b\u1ed9 l\u1ea5y m\u1eabu n\u1eeda t\u1ef1 \u0111\u1ed9ng b\u00ean ngo\u00e0i v\u1edbi m\u1ed9t m\u00e1y b\u01a1m Sipper l\u00e0m tr\u00ecnh \u0111i\u1ec1u khi\u1ec3n.<\/p>","protected":false},"featured_media":3173,"comment_status":"open","ping_status":"closed","template":"","meta":{"_acf_changed":false},"product_brand":[],"product_cat":[80],"product_tag":[],"class_list":{"0":"post-3186","1":"product","2":"type-product","3":"status-publish","4":"has-post-thumbnail","6":"product_cat-accessories","8":"first","9":"instock","10":"shipping-taxable","11":"product-type-simple"},"acf":[],"_links":{"self":[{"href":"https:\/\/www.pgeneral.com\/vi\/wp-json\/wp\/v2\/product\/3186","targetHints":{"allow":["GET"]}}],"collection":[{"href":"https:\/\/www.pgeneral.com\/vi\/wp-json\/wp\/v2\/product"}],"about":[{"href":"https:\/\/www.pgeneral.com\/vi\/wp-json\/wp\/v2\/types\/product"}],"replies":[{"embeddable":true,"href":"https:\/\/www.pgeneral.com\/vi\/wp-json\/wp\/v2\/comments?post=3186"}],"wp:featuredmedia":[{"embeddable":true,"href":"https:\/\/www.pgeneral.com\/vi\/wp-json\/wp\/v2\/media\/3173"}],"wp:attachment":[{"href":"https:\/\/www.pgeneral.com\/vi\/wp-json\/wp\/v2\/media?parent=3186"}],"wp:term":[{"taxonomy":"product_brand","embeddable":true,"href":"https:\/\/www.pgeneral.com\/vi\/wp-json\/wp\/v2\/product_brand?post=3186"},{"taxonomy":"product_cat","embeddable":true,"href":"https:\/\/www.pgeneral.com\/vi\/wp-json\/wp\/v2\/product_cat?post=3186"},{"taxonomy":"product_tag","embeddable":true,"href":"https:\/\/www.pgeneral.com\/vi\/wp-json\/wp\/v2\/product_tag?post=3186"}],"curies":[{"name":"WP","href":"https:\/\/api.w.org\/{rel}","templated":true}]}}