{"id":3185,"date":"2023-11-06T16:21:25","date_gmt":"2023-11-06T08:21:25","guid":{"rendered":"https:\/\/www.pgeneral.com\/?post_type=product&#038;p=3185"},"modified":"2023-11-06T16:55:46","modified_gmt":"2023-11-06T08:55:46","slug":"double-beam-angle-adjustable-solid-sample-holder","status":"publish","type":"product","link":"https:\/\/www.pgeneral.com\/vi\/product\/double-beam-angle-adjustable-solid-sample-holder\/","title":{"rendered":"Gi\u00e1 \u0111\u1ee1 m\u1eabu v\u1eadt r\u1eafn c\u00f3 th\u1ec3 \u0111i\u1ec1u ch\u1ec9nh g\u00f3c ch\u00f9m \u0111\u00f4i"},"content":{"rendered":"","protected":false},"excerpt":{"rendered":"<p>S\u1ef1 mi\u00eau t\u1ea3:<\/p>\n<p>Ph\u1ea1m vi g\u00f3c bi\u1ebfn: \u00b1 45 \u00b0<\/p>\n<p>C\u1ee1 m\u1eabu t\u1ed1i thi\u1ec3u: \u03c64mm<\/p>\n<p>K\u00edch th\u01b0\u1edbc m\u1eabu t\u1ed1i \u0111a: 80x55x5mm<\/p>","protected":false},"featured_media":3172,"comment_status":"open","ping_status":"closed","template":"","meta":{"_acf_changed":false},"product_brand":[],"product_cat":[80],"product_tag":[],"class_list":{"0":"post-3185","1":"product","2":"type-product","3":"status-publish","4":"has-post-thumbnail","6":"product_cat-accessories","8":"first","9":"instock","10":"shipping-taxable","11":"product-type-simple"},"acf":[],"_links":{"self":[{"href":"https:\/\/www.pgeneral.com\/vi\/wp-json\/wp\/v2\/product\/3185","targetHints":{"allow":["GET"]}}],"collection":[{"href":"https:\/\/www.pgeneral.com\/vi\/wp-json\/wp\/v2\/product"}],"about":[{"href":"https:\/\/www.pgeneral.com\/vi\/wp-json\/wp\/v2\/types\/product"}],"replies":[{"embeddable":true,"href":"https:\/\/www.pgeneral.com\/vi\/wp-json\/wp\/v2\/comments?post=3185"}],"wp:featuredmedia":[{"embeddable":true,"href":"https:\/\/www.pgeneral.com\/vi\/wp-json\/wp\/v2\/media\/3172"}],"wp:attachment":[{"href":"https:\/\/www.pgeneral.com\/vi\/wp-json\/wp\/v2\/media?parent=3185"}],"wp:term":[{"taxonomy":"product_brand","embeddable":true,"href":"https:\/\/www.pgeneral.com\/vi\/wp-json\/wp\/v2\/product_brand?post=3185"},{"taxonomy":"product_cat","embeddable":true,"href":"https:\/\/www.pgeneral.com\/vi\/wp-json\/wp\/v2\/product_cat?post=3185"},{"taxonomy":"product_tag","embeddable":true,"href":"https:\/\/www.pgeneral.com\/vi\/wp-json\/wp\/v2\/product_tag?post=3185"}],"curies":[{"name":"WP","href":"https:\/\/api.w.org\/{rel}","templated":true}]}}