{"id":3160,"date":"2023-11-06T15:19:27","date_gmt":"2023-11-06T07:19:27","guid":{"rendered":"https:\/\/www.pgeneral.com\/?post_type=product&#038;p=3160"},"modified":"2023-11-06T15:19:27","modified_gmt":"2023-11-06T07:19:27","slug":"ls19-1-long-path-length-cell-holder","status":"publish","type":"product","link":"https:\/\/www.pgeneral.com\/vi\/product\/ls19-1-long-path-length-cell-holder\/","title":{"rendered":"LS19-1 B\u1ed9 gi\u1eef \u00f4 d\u00e0i \u0111\u01b0\u1eddng d\u1eabn \u0111\u01b0\u1eddng d\u1eabn"},"content":{"rendered":"","protected":false},"excerpt":{"rendered":"<p>S\u1ef1 mi\u00eau t\u1ea3:<\/p>\n<p>Hai cuvet v\u1edbi \u0111\u01b0\u1eddng d\u1eabn d\u00e0i kh\u00e1c nhau 5-50mm c\u00f3 th\u1ec3 \u0111\u01b0\u1ee3c \u0111\u1eb7t trong gi\u00e1 \u0111\u1ee1.<\/p>\n<p>\u0110\u1ed9 d\u00e0i \u0111\u01b0\u1eddng d\u1eabn: 5 mm \u3001 10 mm \u3001 20 mm \u3001 30 mm \u3001 40 mm \u3001 50 mm \u3001 100 mm<\/p>\n<p>Ch\u1ee7 s\u1edf h\u1eefu m\u1eabu: 2<\/p>\n<p>Ph\u1ea1m vi b\u01b0\u1edbc s\u00f3ng: 190-900nm<\/p>","protected":false},"featured_media":3142,"comment_status":"open","ping_status":"closed","template":"","meta":{"_acf_changed":false},"product_brand":[],"product_cat":[80],"product_tag":[],"class_list":{"0":"post-3160","1":"product","2":"type-product","3":"status-publish","4":"has-post-thumbnail","6":"product_cat-accessories","8":"first","9":"instock","10":"shipping-taxable","11":"product-type-simple"},"acf":[],"_links":{"self":[{"href":"https:\/\/www.pgeneral.com\/vi\/wp-json\/wp\/v2\/product\/3160","targetHints":{"allow":["GET"]}}],"collection":[{"href":"https:\/\/www.pgeneral.com\/vi\/wp-json\/wp\/v2\/product"}],"about":[{"href":"https:\/\/www.pgeneral.com\/vi\/wp-json\/wp\/v2\/types\/product"}],"replies":[{"embeddable":true,"href":"https:\/\/www.pgeneral.com\/vi\/wp-json\/wp\/v2\/comments?post=3160"}],"wp:featuredmedia":[{"embeddable":true,"href":"https:\/\/www.pgeneral.com\/vi\/wp-json\/wp\/v2\/media\/3142"}],"wp:attachment":[{"href":"https:\/\/www.pgeneral.com\/vi\/wp-json\/wp\/v2\/media?parent=3160"}],"wp:term":[{"taxonomy":"product_brand","embeddable":true,"href":"https:\/\/www.pgeneral.com\/vi\/wp-json\/wp\/v2\/product_brand?post=3160"},{"taxonomy":"product_cat","embeddable":true,"href":"https:\/\/www.pgeneral.com\/vi\/wp-json\/wp\/v2\/product_cat?post=3160"},{"taxonomy":"product_tag","embeddable":true,"href":"https:\/\/www.pgeneral.com\/vi\/wp-json\/wp\/v2\/product_tag?post=3160"}],"curies":[{"name":"WP","href":"https:\/\/api.w.org\/{rel}","templated":true}]}}