{"id":3159,"date":"2023-11-06T15:17:02","date_gmt":"2023-11-06T07:17:02","guid":{"rendered":"https:\/\/www.pgeneral.com\/?post_type=product&#038;p=3159"},"modified":"2023-11-06T15:17:02","modified_gmt":"2023-11-06T07:17:02","slug":"mh19-1-micro-cell-holder","status":"publish","type":"product","link":"https:\/\/www.pgeneral.com\/vi\/product\/mh19-1-micro-cell-holder\/","title":{"rendered":"Ng\u01b0\u1eddi gi\u1eef t\u1ebf b\u00e0o vi m\u00f4 MH19-1"},"content":{"rendered":"","protected":false},"excerpt":{"rendered":"<p>M\u00f4 t\u1ea3: C\u00e1c cuvettes c\u00f3 c\u1eeda s\u1ed5 2 mm, ch\u1eb3ng h\u1ea1n nh\u01b0 Cuvettes Micro Micro Scar, T\u1ebf b\u00e0o d\u00f2ng vi m\u00f4 QF2, Cuvettes Micro Micro v\u1edbi c\u1eeda s\u1ed5 h\u00ecnh ch\u1eef nh\u1eadt l\u00e0 2x5mm ho\u1eb7c 2x8mm.<\/p>\n<p>Ph\u1ea1m vi b\u01b0\u1edbc s\u00f3ng: 190-900nm<\/p>\n<p>&nbsp;<\/p>","protected":false},"featured_media":3143,"comment_status":"open","ping_status":"closed","template":"","meta":{"_acf_changed":false},"product_brand":[],"product_cat":[80],"product_tag":[],"class_list":{"0":"post-3159","1":"product","2":"type-product","3":"status-publish","4":"has-post-thumbnail","6":"product_cat-accessories","8":"first","9":"instock","10":"shipping-taxable","11":"product-type-simple"},"acf":[],"_links":{"self":[{"href":"https:\/\/www.pgeneral.com\/vi\/wp-json\/wp\/v2\/product\/3159","targetHints":{"allow":["GET"]}}],"collection":[{"href":"https:\/\/www.pgeneral.com\/vi\/wp-json\/wp\/v2\/product"}],"about":[{"href":"https:\/\/www.pgeneral.com\/vi\/wp-json\/wp\/v2\/types\/product"}],"replies":[{"embeddable":true,"href":"https:\/\/www.pgeneral.com\/vi\/wp-json\/wp\/v2\/comments?post=3159"}],"wp:featuredmedia":[{"embeddable":true,"href":"https:\/\/www.pgeneral.com\/vi\/wp-json\/wp\/v2\/media\/3143"}],"wp:attachment":[{"href":"https:\/\/www.pgeneral.com\/vi\/wp-json\/wp\/v2\/media?parent=3159"}],"wp:term":[{"taxonomy":"product_brand","embeddable":true,"href":"https:\/\/www.pgeneral.com\/vi\/wp-json\/wp\/v2\/product_brand?post=3159"},{"taxonomy":"product_cat","embeddable":true,"href":"https:\/\/www.pgeneral.com\/vi\/wp-json\/wp\/v2\/product_cat?post=3159"},{"taxonomy":"product_tag","embeddable":true,"href":"https:\/\/www.pgeneral.com\/vi\/wp-json\/wp\/v2\/product_tag?post=3159"}],"curies":[{"name":"WP","href":"https:\/\/api.w.org\/{rel}","templated":true}]}}