{"id":3091,"date":"2023-10-18T19:55:29","date_gmt":"2023-10-18T11:55:29","guid":{"rendered":"https:\/\/www.pgeneral.com\/?post_type=product&#038;p=3091"},"modified":"2023-10-18T19:55:29","modified_gmt":"2023-10-18T11:55:29","slug":"universal-5-position-5-100-mm-cell-holder-motorized-assembly","status":"publish","type":"product","link":"https:\/\/www.pgeneral.com\/vi\/product\/universal-5-position-5-100-mm-cell-holder-motorized-assembly\/","title":{"rendered":"\u0110\u1ea1i h\u1ecdc 5 v\u1ecb tr\u00ed 5-100 mm gi\u1eef c\u01a1 gi\u1edbi t\u1ebf b\u00e0o"},"content":{"rendered":"","protected":false},"excerpt":{"rendered":"<p>S\u1ef1 mi\u00eau t\u1ea3:<\/p>\n<ul>\n<li>Ph\u1ea1m vi b\u01b0\u1edbc s\u00f3ng: 190-1100nm<\/li>\n<li>S\u1ed1 ng\u01b0\u1eddi gi\u1eef \u00f4: 5<\/li>\n<li>Chi\u1ec1u d\u00e0i \u0111\u01b0\u1eddng d\u1eabn: 5 mm - 100mm<\/li>\n<li>T\u00f9y ch\u1ecdn: V\u1edbi \u0111\u1ed9ng c\u01a1 \/ kh\u00f4ng c\u00f3 \u0111\u1ed9ng c\u01a1 (vui l\u00f2ng cho bi\u1ebft khi \u0111\u1eb7t h\u00e0ng)<\/li>\n<\/ul>","protected":false},"featured_media":3077,"comment_status":"open","ping_status":"closed","template":"","meta":{"_acf_changed":false},"product_brand":[],"product_cat":[80],"product_tag":[],"class_list":{"0":"post-3091","1":"product","2":"type-product","3":"status-publish","4":"has-post-thumbnail","6":"product_cat-accessories","8":"first","9":"instock","10":"shipping-taxable","11":"product-type-simple"},"acf":[],"_links":{"self":[{"href":"https:\/\/www.pgeneral.com\/vi\/wp-json\/wp\/v2\/product\/3091","targetHints":{"allow":["GET"]}}],"collection":[{"href":"https:\/\/www.pgeneral.com\/vi\/wp-json\/wp\/v2\/product"}],"about":[{"href":"https:\/\/www.pgeneral.com\/vi\/wp-json\/wp\/v2\/types\/product"}],"replies":[{"embeddable":true,"href":"https:\/\/www.pgeneral.com\/vi\/wp-json\/wp\/v2\/comments?post=3091"}],"wp:featuredmedia":[{"embeddable":true,"href":"https:\/\/www.pgeneral.com\/vi\/wp-json\/wp\/v2\/media\/3077"}],"wp:attachment":[{"href":"https:\/\/www.pgeneral.com\/vi\/wp-json\/wp\/v2\/media?parent=3091"}],"wp:term":[{"taxonomy":"product_brand","embeddable":true,"href":"https:\/\/www.pgeneral.com\/vi\/wp-json\/wp\/v2\/product_brand?post=3091"},{"taxonomy":"product_cat","embeddable":true,"href":"https:\/\/www.pgeneral.com\/vi\/wp-json\/wp\/v2\/product_cat?post=3091"},{"taxonomy":"product_tag","embeddable":true,"href":"https:\/\/www.pgeneral.com\/vi\/wp-json\/wp\/v2\/product_tag?post=3091"}],"curies":[{"name":"WP","href":"https:\/\/api.w.org\/{rel}","templated":true}]}}