{"id":3062,"date":"2023-10-18T18:48:45","date_gmt":"2023-10-18T10:48:45","guid":{"rendered":"https:\/\/www.pgeneral.com\/product\/t7s-%e5%a4%8d%e5%88%b6-3\/"},"modified":"2023-10-18T19:30:20","modified_gmt":"2023-10-18T11:30:20","slug":"t7s-%e5%a4%8d%e5%88%b6-3","status":"publish","type":"product","link":"https:\/\/www.pgeneral.com\/vi\/product\/t7s-%e5%a4%8d%e5%88%b6-3\/","title":{"rendered":"Gi\u00e1 \u0111\u1ee1 nhi\u1ec7t \u0111\u1ed9 kh\u00f4ng \u0111\u1ed5i"},"content":{"rendered":"","protected":false},"excerpt":{"rendered":"<p>S\u1ef1 mi\u00eau t\u1ea3:<\/p>\n<ul>\n<li>Ph\u1ea1m vi b\u01b0\u1edbc s\u00f3ng: 190-1100nm<\/li>\n<li>\u0110\u1ed9 d\u00e0i \u0111\u01b0\u1eddng d\u1eabn di \u0111\u1ed9ng: 10 mm<\/li>\n<li>S\u1ed1 ng\u01b0\u1eddi gi\u1eef t\u1ebf b\u00e0o: 5<\/li>\n<li>\u0110\u01b0\u1eddng k\u00ednh b\u00ean trong c\u1ee7a \u1ed1ng m\u1ec1m b\u00ean ngo\u00e0i: l\u00e0 \u03c64mm<\/li>\n<li>Y\u00eau c\u1ea7u PTC-2 Peltier<\/li>\n<\/ul>","protected":false},"featured_media":3071,"comment_status":"open","ping_status":"closed","template":"","meta":{"_acf_changed":false},"product_brand":[],"product_cat":[80],"product_tag":[],"class_list":{"0":"post-3062","1":"product","2":"type-product","3":"status-publish","4":"has-post-thumbnail","6":"product_cat-accessories","8":"first","9":"instock","10":"shipping-taxable","11":"product-type-simple"},"acf":[],"_links":{"self":[{"href":"https:\/\/www.pgeneral.com\/vi\/wp-json\/wp\/v2\/product\/3062","targetHints":{"allow":["GET"]}}],"collection":[{"href":"https:\/\/www.pgeneral.com\/vi\/wp-json\/wp\/v2\/product"}],"about":[{"href":"https:\/\/www.pgeneral.com\/vi\/wp-json\/wp\/v2\/types\/product"}],"replies":[{"embeddable":true,"href":"https:\/\/www.pgeneral.com\/vi\/wp-json\/wp\/v2\/comments?post=3062"}],"wp:featuredmedia":[{"embeddable":true,"href":"https:\/\/www.pgeneral.com\/vi\/wp-json\/wp\/v2\/media\/3071"}],"wp:attachment":[{"href":"https:\/\/www.pgeneral.com\/vi\/wp-json\/wp\/v2\/media?parent=3062"}],"wp:term":[{"taxonomy":"product_brand","embeddable":true,"href":"https:\/\/www.pgeneral.com\/vi\/wp-json\/wp\/v2\/product_brand?post=3062"},{"taxonomy":"product_cat","embeddable":true,"href":"https:\/\/www.pgeneral.com\/vi\/wp-json\/wp\/v2\/product_cat?post=3062"},{"taxonomy":"product_tag","embeddable":true,"href":"https:\/\/www.pgeneral.com\/vi\/wp-json\/wp\/v2\/product_tag?post=3062"}],"curies":[{"name":"WP","href":"https:\/\/api.w.org\/{rel}","templated":true}]}}