{"id":1668,"date":"2023-04-27T16:53:35","date_gmt":"2023-04-27T08:53:35","guid":{"rendered":"http:\/\/www.pgeneral.com\/?post_type=product&#038;p=1668"},"modified":"2024-02-06T13:58:45","modified_gmt":"2024-02-06T05:58:45","slug":"t6u","status":"publish","type":"product","link":"https:\/\/www.pgeneral.com\/vi\/product\/t6u\/","title":{"rendered":"T6U UV-vis"},"content":{"rendered":"","protected":false},"excerpt":{"rendered":"<p>C\u00e1c th\u00e0nh ph\u1ea7n quang h\u1ecdc ch\u1ea5t l\u01b0\u1ee3ng cao \u0111\u1ea3m b\u1ea3o d\u1eef li\u1ec7u ph\u00e2n t\u00edch \u0111\u00e1ng tin c\u1eady v\u1edbi \u00e1nh s\u00e1ng \u0111i l\u1ea1c th\u1ea5p \u0111\u1ea1t \u0111\u01b0\u1ee3c b\u1eb1ng c\u00e1ch s\u1eed d\u1ee5ng c\u00e1c m\u1ea1ch \u0111i\u1ec7n t\u1eed r\u1ea5t th\u1ea5p.<\/p>\n<p>Ngu\u1ed3n \u00e1nh s\u00e1ng Deuterium v\u00e0 Vonfram mang l\u1ea1i s\u1ef1 \u1ed5n \u0111\u1ecbnh v\u01b0\u1ee3t tr\u1ed9i trong ph\u1ea1m vi b\u01b0\u1edbc s\u00f3ng \u0111\u1ea7y \u0111\u1ee7.<\/p>\n<p>T\u1eadp trung v\u00e0o \u0111\u1ed9 tin c\u1eady trong m\u1ed9t d\u1ea5u ch\u00e2n nh\u1ecf g\u1ecdn, m\u00e1y quang ph\u1ed5 m\u1ee9c nh\u1eadp Persee, \u0111\u1eb7t m\u1ed9t thanh m\u1edbi v\u1ec1 gi\u00e1 tr\u1ecb v\u00e0 kh\u1ea3 n\u0103ng.<\/p>","protected":false},"featured_media":3272,"comment_status":"open","ping_status":"closed","template":"","meta":{"_acf_changed":false},"product_brand":[],"product_cat":[15],"product_tag":[],"class_list":{"0":"post-1668","1":"product","2":"type-product","3":"status-publish","4":"has-post-thumbnail","6":"product_cat-molecular-spectrometer","8":"first","9":"instock","10":"shipping-taxable","11":"product-type-simple"},"acf":[],"_links":{"self":[{"href":"https:\/\/www.pgeneral.com\/vi\/wp-json\/wp\/v2\/product\/1668","targetHints":{"allow":["GET"]}}],"collection":[{"href":"https:\/\/www.pgeneral.com\/vi\/wp-json\/wp\/v2\/product"}],"about":[{"href":"https:\/\/www.pgeneral.com\/vi\/wp-json\/wp\/v2\/types\/product"}],"replies":[{"embeddable":true,"href":"https:\/\/www.pgeneral.com\/vi\/wp-json\/wp\/v2\/comments?post=1668"}],"wp:featuredmedia":[{"embeddable":true,"href":"https:\/\/www.pgeneral.com\/vi\/wp-json\/wp\/v2\/media\/3272"}],"wp:attachment":[{"href":"https:\/\/www.pgeneral.com\/vi\/wp-json\/wp\/v2\/media?parent=1668"}],"wp:term":[{"taxonomy":"product_brand","embeddable":true,"href":"https:\/\/www.pgeneral.com\/vi\/wp-json\/wp\/v2\/product_brand?post=1668"},{"taxonomy":"product_cat","embeddable":true,"href":"https:\/\/www.pgeneral.com\/vi\/wp-json\/wp\/v2\/product_cat?post=1668"},{"taxonomy":"product_tag","embeddable":true,"href":"https:\/\/www.pgeneral.com\/vi\/wp-json\/wp\/v2\/product_tag?post=1668"}],"curies":[{"name":"WP","href":"https:\/\/api.w.org\/{rel}","templated":true}]}}