{"id":550,"date":"2022-09-06T14:12:06","date_gmt":"2022-09-06T06:12:06","guid":{"rendered":"http:\/\/www.pgeneral.com\/?post_type=product&#038;p=550"},"modified":"2023-12-12T13:55:33","modified_gmt":"2023-12-12T05:55:33","slug":"molekul-spektrometresi-8","status":"publish","type":"product","link":"https:\/\/www.pgeneral.com\/tr\/product\/molecule-spectrometer-8\/","title":{"rendered":"UVWIN 6\/GMP YAZILIMI"},"content":{"rendered":"","protected":false},"excerpt":{"rendered":"<p>UVWIN, Benchtop UV-Vis spektrofotometreleri aral\u0131\u011f\u0131na ba\u011flant\u0131 i\u00e7in kullan\u0131lan g\u00fc\u00e7l\u00fc, sezgisel bir yaz\u0131l\u0131m \u00fcr\u00fcn\u00fcd\u00fcr.<\/p>\n<p>UVWIN yaz\u0131l\u0131m\u0131, veri toplama ve \u00f6l\u00e7\u00fcm sonu\u00e7lar\u0131n\u0131n yorumlanmas\u0131 i\u00e7in bir dizi matematiksel ara\u00e7 ile birlikte tam enstr\u00fcman kontrol\u00fc sunar.<\/p>\n<p>Uvwin yaz\u0131l\u0131m\u0131 d\u00f6rt temel \u00e7al\u0131\u015fma alan\u0131na ayr\u0131lm\u0131\u015ft\u0131r:<\/p>\n<p>\u25c6 Spektral analiz<\/p>\n<p>\u25c6 Kantitatif analiz<\/p>\n<p>\u25c6 Kinetik analiz<\/p>\n<p>\u25c6 Fotometrik analiz<\/p>","protected":false},"featured_media":2484,"comment_status":"open","ping_status":"closed","template":"","meta":{"_acf_changed":false},"product_brand":[],"product_cat":[15,52],"product_tag":[],"class_list":{"0":"post-550","1":"product","2":"type-product","3":"status-publish","4":"has-post-thumbnail","6":"product_cat-molecular-spectrometer","7":"product_cat-uv-vis-iq-oq-pq-qualification-kit","9":"first","10":"instock","11":"shipping-taxable","12":"product-type-simple"},"acf":[],"_links":{"self":[{"href":"https:\/\/www.pgeneral.com\/tr\/wp-json\/wp\/v2\/product\/550","targetHints":{"allow":["GET"]}}],"collection":[{"href":"https:\/\/www.pgeneral.com\/tr\/wp-json\/wp\/v2\/product"}],"about":[{"href":"https:\/\/www.pgeneral.com\/tr\/wp-json\/wp\/v2\/types\/product"}],"replies":[{"embeddable":true,"href":"https:\/\/www.pgeneral.com\/tr\/wp-json\/wp\/v2\/comments?post=550"}],"wp:featuredmedia":[{"embeddable":true,"href":"https:\/\/www.pgeneral.com\/tr\/wp-json\/wp\/v2\/media\/2484"}],"wp:attachment":[{"href":"https:\/\/www.pgeneral.com\/tr\/wp-json\/wp\/v2\/media?parent=550"}],"wp:term":[{"taxonomy":"product_brand","embeddable":true,"href":"https:\/\/www.pgeneral.com\/tr\/wp-json\/wp\/v2\/product_brand?post=550"},{"taxonomy":"product_cat","embeddable":true,"href":"https:\/\/www.pgeneral.com\/tr\/wp-json\/wp\/v2\/product_cat?post=550"},{"taxonomy":"product_tag","embeddable":true,"href":"https:\/\/www.pgeneral.com\/tr\/wp-json\/wp\/v2\/product_tag?post=550"}],"curies":[{"name":"wp","href":"https:\/\/api.w.org\/{rel}","templated":true}]}}