{"id":3192,"date":"2023-11-06T16:33:33","date_gmt":"2023-11-06T08:33:33","guid":{"rendered":"https:\/\/www.pgeneral.com\/?post_type=product&#038;p=3192"},"modified":"2023-11-06T16:33:33","modified_gmt":"2023-11-06T08:33:33","slug":"cift-isinli-kati-numune-tutucu","status":"publish","type":"product","link":"https:\/\/www.pgeneral.com\/tr\/product\/double-beam-solid-sample-holder\/","title":{"rendered":"\u00c7ift \u0131\u015f\u0131nl\u0131 kat\u0131 numune tutucu"},"content":{"rendered":"","protected":false},"excerpt":{"rendered":"<p>Tan\u0131m:<\/p>\n<p>Dilim kat\u0131 numuneler \u00e7ift \u0131\u015f\u0131nl\u0131 kat\u0131 numune tutucusuna konabilir ve optik yola sabitlenebilir.<\/p>","protected":false},"featured_media":3179,"comment_status":"open","ping_status":"closed","template":"","meta":{"_acf_changed":false},"product_brand":[],"product_cat":[80],"product_tag":[],"class_list":{"0":"post-3192","1":"product","2":"type-product","3":"status-publish","4":"has-post-thumbnail","6":"product_cat-accessories","8":"first","9":"instock","10":"shipping-taxable","11":"product-type-simple"},"acf":[],"_links":{"self":[{"href":"https:\/\/www.pgeneral.com\/tr\/wp-json\/wp\/v2\/product\/3192","targetHints":{"allow":["GET"]}}],"collection":[{"href":"https:\/\/www.pgeneral.com\/tr\/wp-json\/wp\/v2\/product"}],"about":[{"href":"https:\/\/www.pgeneral.com\/tr\/wp-json\/wp\/v2\/types\/product"}],"replies":[{"embeddable":true,"href":"https:\/\/www.pgeneral.com\/tr\/wp-json\/wp\/v2\/comments?post=3192"}],"wp:featuredmedia":[{"embeddable":true,"href":"https:\/\/www.pgeneral.com\/tr\/wp-json\/wp\/v2\/media\/3179"}],"wp:attachment":[{"href":"https:\/\/www.pgeneral.com\/tr\/wp-json\/wp\/v2\/media?parent=3192"}],"wp:term":[{"taxonomy":"product_brand","embeddable":true,"href":"https:\/\/www.pgeneral.com\/tr\/wp-json\/wp\/v2\/product_brand?post=3192"},{"taxonomy":"product_cat","embeddable":true,"href":"https:\/\/www.pgeneral.com\/tr\/wp-json\/wp\/v2\/product_cat?post=3192"},{"taxonomy":"product_tag","embeddable":true,"href":"https:\/\/www.pgeneral.com\/tr\/wp-json\/wp\/v2\/product_tag?post=3192"}],"curies":[{"name":"wp","href":"https:\/\/api.w.org\/{rel}","templated":true}]}}