{"id":3119,"date":"2023-11-06T11:42:29","date_gmt":"2023-11-06T03:42:29","guid":{"rendered":"https:\/\/www.pgeneral.com\/?post_type=product&#038;p=3119"},"modified":"2023-11-06T13:08:31","modified_gmt":"2023-11-06T05:08:31","slug":"ptc-2-peltier-modulu","status":"publish","type":"product","link":"https:\/\/www.pgeneral.com\/tr\/product\/ptc-2-peltier-module\/","title":{"rendered":"PTC-2 Peltier Mod\u00fcl\u00fc"},"content":{"rendered":"","protected":false},"excerpt":{"rendered":"<p><strong>Peltier sistemi<\/strong><\/p>\n<p>A\u00e7\u0131klama: Aksesuar, h\u00fccre tutucusuna ayarlanmak i\u00e7in termoelektrik so\u011futma elemanlar\u0131n\u0131 kullan\u0131r.<\/p>\n<p>10mm yol uzunlu\u011fu.<\/p>\n<p>S\u0131cakl\u0131k sens\u00f6rleri.<\/p>\n<p>S\u0131cakl\u0131k aral\u0131\u011f\u0131: 15 \u2103 -55 \u2103<\/p>\n<p>S\u0131cakl\u0131k do\u011frulu\u011fu: 0.1 \u2103<\/p>","protected":false},"featured_media":3115,"comment_status":"open","ping_status":"closed","template":"","meta":{"_acf_changed":false},"product_brand":[],"product_cat":[80],"product_tag":[],"class_list":{"0":"post-3119","1":"product","2":"type-product","3":"status-publish","4":"has-post-thumbnail","6":"product_cat-accessories","8":"first","9":"instock","10":"shipping-taxable","11":"product-type-simple"},"acf":[],"_links":{"self":[{"href":"https:\/\/www.pgeneral.com\/tr\/wp-json\/wp\/v2\/product\/3119","targetHints":{"allow":["GET"]}}],"collection":[{"href":"https:\/\/www.pgeneral.com\/tr\/wp-json\/wp\/v2\/product"}],"about":[{"href":"https:\/\/www.pgeneral.com\/tr\/wp-json\/wp\/v2\/types\/product"}],"replies":[{"embeddable":true,"href":"https:\/\/www.pgeneral.com\/tr\/wp-json\/wp\/v2\/comments?post=3119"}],"wp:featuredmedia":[{"embeddable":true,"href":"https:\/\/www.pgeneral.com\/tr\/wp-json\/wp\/v2\/media\/3115"}],"wp:attachment":[{"href":"https:\/\/www.pgeneral.com\/tr\/wp-json\/wp\/v2\/media?parent=3119"}],"wp:term":[{"taxonomy":"product_brand","embeddable":true,"href":"https:\/\/www.pgeneral.com\/tr\/wp-json\/wp\/v2\/product_brand?post=3119"},{"taxonomy":"product_cat","embeddable":true,"href":"https:\/\/www.pgeneral.com\/tr\/wp-json\/wp\/v2\/product_cat?post=3119"},{"taxonomy":"product_tag","embeddable":true,"href":"https:\/\/www.pgeneral.com\/tr\/wp-json\/wp\/v2\/product_tag?post=3119"}],"curies":[{"name":"wp","href":"https:\/\/api.w.org\/{rel}","templated":true}]}}