{"id":550,"date":"2022-09-06T14:12:06","date_gmt":"2022-09-06T06:12:06","guid":{"rendered":"http:\/\/www.pgeneral.com\/?post_type=product&#038;p=550"},"modified":"2023-12-12T13:55:33","modified_gmt":"2023-12-12T05:55:33","slug":"espetrometro-de-moleculas-8","status":"publish","type":"product","link":"https:\/\/www.pgeneral.com\/pt\/product\/molecule-spectrometer-8\/","title":{"rendered":"SOFTWARE UVWIN 6\/GMP"},"content":{"rendered":"","protected":false},"excerpt":{"rendered":"<p>O UVWIN \u00e9 um produto de software intuitivo e poderoso usado para conectividade com a faixa de espectrofot\u00f4metros UV-vis de benchop.<\/p>\n<p>O software UVWIN oferece controle completo de instrumentos, juntamente com a aquisi\u00e7\u00e3o de dados e uma s\u00e9rie de ferramentas matem\u00e1ticas para a interpreta\u00e7\u00e3o dos resultados da medi\u00e7\u00e3o.<\/p>\n<p>O software UVWIN \u00e9 separado em quatro principais espa\u00e7os de trabalho:<\/p>\n<p>\u25c6 An\u00e1lise espectral<\/p>\n<p>\u25c6 An\u00e1lise quantitativa<\/p>\n<p>\u25c6 An\u00e1lise cin\u00e9tica<\/p>\n<p>\u25c6 An\u00e1lise fotom\u00e9trica<\/p>","protected":false},"featured_media":2484,"comment_status":"open","ping_status":"closed","template":"","meta":{"_acf_changed":false},"product_brand":[],"product_cat":[15,52],"product_tag":[],"class_list":{"0":"post-550","1":"product","2":"type-product","3":"status-publish","4":"has-post-thumbnail","6":"product_cat-molecular-spectrometer","7":"product_cat-uv-vis-iq-oq-pq-qualification-kit","9":"first","10":"instock","11":"shipping-taxable","12":"product-type-simple"},"acf":[],"_links":{"self":[{"href":"https:\/\/www.pgeneral.com\/pt\/wp-json\/wp\/v2\/product\/550","targetHints":{"allow":["GET"]}}],"collection":[{"href":"https:\/\/www.pgeneral.com\/pt\/wp-json\/wp\/v2\/product"}],"about":[{"href":"https:\/\/www.pgeneral.com\/pt\/wp-json\/wp\/v2\/types\/product"}],"replies":[{"embeddable":true,"href":"https:\/\/www.pgeneral.com\/pt\/wp-json\/wp\/v2\/comments?post=550"}],"wp:featuredmedia":[{"embeddable":true,"href":"https:\/\/www.pgeneral.com\/pt\/wp-json\/wp\/v2\/media\/2484"}],"wp:attachment":[{"href":"https:\/\/www.pgeneral.com\/pt\/wp-json\/wp\/v2\/media?parent=550"}],"wp:term":[{"taxonomy":"product_brand","embeddable":true,"href":"https:\/\/www.pgeneral.com\/pt\/wp-json\/wp\/v2\/product_brand?post=550"},{"taxonomy":"product_cat","embeddable":true,"href":"https:\/\/www.pgeneral.com\/pt\/wp-json\/wp\/v2\/product_cat?post=550"},{"taxonomy":"product_tag","embeddable":true,"href":"https:\/\/www.pgeneral.com\/pt\/wp-json\/wp\/v2\/product_tag?post=550"}],"curies":[{"name":"wp","href":"https:\/\/api.w.org\/{rel}","templated":true}]}}