{"id":3159,"date":"2023-11-06T15:17:02","date_gmt":"2023-11-06T07:17:02","guid":{"rendered":"https:\/\/www.pgeneral.com\/?post_type=product&#038;p=3159"},"modified":"2023-11-06T15:17:02","modified_gmt":"2023-11-06T07:17:02","slug":"mh19-1-suporte-de-microcelulas","status":"publish","type":"product","link":"https:\/\/www.pgeneral.com\/pt\/product\/mh19-1-micro-cell-holder\/","title":{"rendered":"MH19-1 Micro Cell Suport"},"content":{"rendered":"","protected":false},"excerpt":{"rendered":"<p>Descri\u00e7\u00e3o: As cubetas com uma janela de 2 mm, como micro -cuvettes de cachecol QS2, c\u00e9lulas micro de fluxo QF2, micro -cuvettes MC e SM com janela retangular de 2x5mm ou 2x8mm.<\/p>\n<p>Faixa de comprimento de onda: 190-900nm<\/p>\n<p>&nbsp;<\/p>","protected":false},"featured_media":3143,"comment_status":"open","ping_status":"closed","template":"","meta":{"_acf_changed":false},"product_brand":[],"product_cat":[80],"product_tag":[],"class_list":{"0":"post-3159","1":"product","2":"type-product","3":"status-publish","4":"has-post-thumbnail","6":"product_cat-accessories","8":"first","9":"instock","10":"shipping-taxable","11":"product-type-simple"},"acf":[],"_links":{"self":[{"href":"https:\/\/www.pgeneral.com\/pt\/wp-json\/wp\/v2\/product\/3159","targetHints":{"allow":["GET"]}}],"collection":[{"href":"https:\/\/www.pgeneral.com\/pt\/wp-json\/wp\/v2\/product"}],"about":[{"href":"https:\/\/www.pgeneral.com\/pt\/wp-json\/wp\/v2\/types\/product"}],"replies":[{"embeddable":true,"href":"https:\/\/www.pgeneral.com\/pt\/wp-json\/wp\/v2\/comments?post=3159"}],"wp:featuredmedia":[{"embeddable":true,"href":"https:\/\/www.pgeneral.com\/pt\/wp-json\/wp\/v2\/media\/3143"}],"wp:attachment":[{"href":"https:\/\/www.pgeneral.com\/pt\/wp-json\/wp\/v2\/media?parent=3159"}],"wp:term":[{"taxonomy":"product_brand","embeddable":true,"href":"https:\/\/www.pgeneral.com\/pt\/wp-json\/wp\/v2\/product_brand?post=3159"},{"taxonomy":"product_cat","embeddable":true,"href":"https:\/\/www.pgeneral.com\/pt\/wp-json\/wp\/v2\/product_cat?post=3159"},{"taxonomy":"product_tag","embeddable":true,"href":"https:\/\/www.pgeneral.com\/pt\/wp-json\/wp\/v2\/product_tag?post=3159"}],"curies":[{"name":"wp","href":"https:\/\/api.w.org\/{rel}","templated":true}]}}