{"id":3119,"date":"2023-11-06T11:42:29","date_gmt":"2023-11-06T03:42:29","guid":{"rendered":"https:\/\/www.pgeneral.com\/?post_type=product&#038;p=3119"},"modified":"2023-11-06T13:08:31","modified_gmt":"2023-11-06T05:08:31","slug":"ptc-2-peltier-module","status":"publish","type":"product","link":"https:\/\/www.pgeneral.com\/pt\/product\/ptc-2-peltier-module\/","title":{"rendered":"M\u00f3dulo PTC-2 Peltier"},"content":{"rendered":"","protected":false},"excerpt":{"rendered":"<p><strong>Sistema Peltier<\/strong><\/p>\n<p>Descri\u00e7\u00e3o: O acess\u00f3rio usa elementos de resfriamento termoel\u00e9trico a serem definidos no suporte da c\u00e9lula de<\/p>\n<p>Comprimento do caminho de 10 mm.<\/p>\n<p>sensores de temperatura.<\/p>\n<p>Faixa de temperatura: 15 \u2103 -55 \u2103<\/p>\n<p>Precis\u00e3o da temperatura: 0.1 \u2103<\/p>","protected":false},"featured_media":3115,"comment_status":"open","ping_status":"closed","template":"","meta":{"_acf_changed":false},"product_brand":[],"product_cat":[80],"product_tag":[],"class_list":{"0":"post-3119","1":"product","2":"type-product","3":"status-publish","4":"has-post-thumbnail","6":"product_cat-accessories","8":"first","9":"instock","10":"shipping-taxable","11":"product-type-simple"},"acf":[],"_links":{"self":[{"href":"https:\/\/www.pgeneral.com\/pt\/wp-json\/wp\/v2\/product\/3119","targetHints":{"allow":["GET"]}}],"collection":[{"href":"https:\/\/www.pgeneral.com\/pt\/wp-json\/wp\/v2\/product"}],"about":[{"href":"https:\/\/www.pgeneral.com\/pt\/wp-json\/wp\/v2\/types\/product"}],"replies":[{"embeddable":true,"href":"https:\/\/www.pgeneral.com\/pt\/wp-json\/wp\/v2\/comments?post=3119"}],"wp:featuredmedia":[{"embeddable":true,"href":"https:\/\/www.pgeneral.com\/pt\/wp-json\/wp\/v2\/media\/3115"}],"wp:attachment":[{"href":"https:\/\/www.pgeneral.com\/pt\/wp-json\/wp\/v2\/media?parent=3119"}],"wp:term":[{"taxonomy":"product_brand","embeddable":true,"href":"https:\/\/www.pgeneral.com\/pt\/wp-json\/wp\/v2\/product_brand?post=3119"},{"taxonomy":"product_cat","embeddable":true,"href":"https:\/\/www.pgeneral.com\/pt\/wp-json\/wp\/v2\/product_cat?post=3119"},{"taxonomy":"product_tag","embeddable":true,"href":"https:\/\/www.pgeneral.com\/pt\/wp-json\/wp\/v2\/product_tag?post=3119"}],"curies":[{"name":"wp","href":"https:\/\/api.w.org\/{rel}","templated":true}]}}