{"id":4434,"date":"2026-02-25T10:34:13","date_gmt":"2026-02-25T02:34:13","guid":{"rendered":"https:\/\/www.pgeneral.com\/?post_type=product&#038;p=4434"},"modified":"2026-02-25T16:37:37","modified_gmt":"2026-02-25T08:37:37","slug":"i-safe-depot","status":"publish","type":"product","link":"https:\/\/www.pgeneral.com\/fr\/product\/i-safe-depot\/","title":{"rendered":"d\u00e9p\u00f4t I-Safe"},"content":{"rendered":"<p>I-Safe Depot est un dispositif de stockage intelligent con\u00e7u pour \u00eatre utilis\u00e9 sur des bancs de laboratoire, visant \u00e0 assurer la sant\u00e9 et la s\u00e9curit\u00e9 du personnel de laboratoire.<\/p>","protected":false},"excerpt":{"rendered":"<p>I-Safe Depot est un dispositif de stockage intelligent con\u00e7u pour \u00eatre utilis\u00e9 sur des bancs de laboratoire, visant \u00e0 assurer la sant\u00e9 et la s\u00e9curit\u00e9 du personnel de laboratoire.<\/p>","protected":false},"featured_media":4436,"comment_status":"closed","ping_status":"closed","template":"","meta":{"_acf_changed":false},"product_brand":[],"product_cat":[29],"product_tag":[],"class_list":{"0":"post-4434","1":"product","2":"type-product","3":"status-publish","4":"has-post-thumbnail","6":"product_cat-lab-instruments","8":"first","9":"instock","10":"shipping-taxable","11":"product-type-simple"},"acf":[],"_links":{"self":[{"href":"https:\/\/www.pgeneral.com\/fr\/wp-json\/wp\/v2\/product\/4434","targetHints":{"allow":["GET"]}}],"collection":[{"href":"https:\/\/www.pgeneral.com\/fr\/wp-json\/wp\/v2\/product"}],"about":[{"href":"https:\/\/www.pgeneral.com\/fr\/wp-json\/wp\/v2\/types\/product"}],"replies":[{"embeddable":true,"href":"https:\/\/www.pgeneral.com\/fr\/wp-json\/wp\/v2\/comments?post=4434"}],"wp:featuredmedia":[{"embeddable":true,"href":"https:\/\/www.pgeneral.com\/fr\/wp-json\/wp\/v2\/media\/4436"}],"wp:attachment":[{"href":"https:\/\/www.pgeneral.com\/fr\/wp-json\/wp\/v2\/media?parent=4434"}],"wp:term":[{"taxonomy":"product_brand","embeddable":true,"href":"https:\/\/www.pgeneral.com\/fr\/wp-json\/wp\/v2\/product_brand?post=4434"},{"taxonomy":"product_cat","embeddable":true,"href":"https:\/\/www.pgeneral.com\/fr\/wp-json\/wp\/v2\/product_cat?post=4434"},{"taxonomy":"product_tag","embeddable":true,"href":"https:\/\/www.pgeneral.com\/fr\/wp-json\/wp\/v2\/product_tag?post=4434"}],"curies":[{"name":"WP","href":"https:\/\/api.w.org\/{rel}","templated":true}]}}