{"id":3185,"date":"2023-11-06T16:21:25","date_gmt":"2023-11-06T08:21:25","guid":{"rendered":"https:\/\/www.pgeneral.com\/?post_type=product&#038;p=3185"},"modified":"2023-11-06T16:55:46","modified_gmt":"2023-11-06T08:55:46","slug":"porte-echantillon-solide-a-angle-reglable-a-double-faisceau","status":"publish","type":"product","link":"https:\/\/www.pgeneral.com\/fr\/product\/double-beam-angle-adjustable-solid-sample-holder\/","title":{"rendered":"Support d'\u00e9chantillon solide r\u00e9glable \u00e0 angle de faisceau"},"content":{"rendered":"","protected":false},"excerpt":{"rendered":"<p>Description:<\/p>\n<p>Plage d'angle variable: \u00b1 45 \u00b0<\/p>\n<p>Taille minimale de l'\u00e9chantillon: \u03c64 mm<\/p>\n<p>Taille maximale de l'\u00e9chantillon: 80x55x5 mm<\/p>","protected":false},"featured_media":3172,"comment_status":"open","ping_status":"closed","template":"","meta":{"_acf_changed":false},"product_brand":[],"product_cat":[80],"product_tag":[],"class_list":{"0":"post-3185","1":"product","2":"type-product","3":"status-publish","4":"has-post-thumbnail","6":"product_cat-accessories","8":"first","9":"instock","10":"shipping-taxable","11":"product-type-simple"},"acf":[],"_links":{"self":[{"href":"https:\/\/www.pgeneral.com\/fr\/wp-json\/wp\/v2\/product\/3185","targetHints":{"allow":["GET"]}}],"collection":[{"href":"https:\/\/www.pgeneral.com\/fr\/wp-json\/wp\/v2\/product"}],"about":[{"href":"https:\/\/www.pgeneral.com\/fr\/wp-json\/wp\/v2\/types\/product"}],"replies":[{"embeddable":true,"href":"https:\/\/www.pgeneral.com\/fr\/wp-json\/wp\/v2\/comments?post=3185"}],"wp:featuredmedia":[{"embeddable":true,"href":"https:\/\/www.pgeneral.com\/fr\/wp-json\/wp\/v2\/media\/3172"}],"wp:attachment":[{"href":"https:\/\/www.pgeneral.com\/fr\/wp-json\/wp\/v2\/media?parent=3185"}],"wp:term":[{"taxonomy":"product_brand","embeddable":true,"href":"https:\/\/www.pgeneral.com\/fr\/wp-json\/wp\/v2\/product_brand?post=3185"},{"taxonomy":"product_cat","embeddable":true,"href":"https:\/\/www.pgeneral.com\/fr\/wp-json\/wp\/v2\/product_cat?post=3185"},{"taxonomy":"product_tag","embeddable":true,"href":"https:\/\/www.pgeneral.com\/fr\/wp-json\/wp\/v2\/product_tag?post=3185"}],"curies":[{"name":"WP","href":"https:\/\/api.w.org\/{rel}","templated":true}]}}