{"id":3158,"date":"2023-11-06T15:04:35","date_gmt":"2023-11-06T07:04:35","guid":{"rendered":"https:\/\/www.pgeneral.com\/?post_type=product&#038;p=3158"},"modified":"2023-11-06T15:10:16","modified_gmt":"2023-11-06T07:10:16","slug":"mh19-2-ultra-micro-cell-holder","status":"publish","type":"product","link":"https:\/\/www.pgeneral.com\/fr\/product\/mh19-2-ultra-micro-cell-holder\/","title":{"rendered":"MH19-2 Ultra Micro Cell Support"},"content":{"rendered":"","protected":false},"excerpt":{"rendered":"<p>Description: Le syst\u00e8me du condenseur permettait \u00e0 un endroit plus petit soit condens\u00e9 sur les cuvettes et laisse plus de lumi\u00e8re passer les cuvettes.<\/p>\n<p>Plage de longueurs d'onde: 190-900 nm<\/p>","protected":false},"featured_media":3144,"comment_status":"open","ping_status":"closed","template":"","meta":{"_acf_changed":false},"product_brand":[],"product_cat":[80],"product_tag":[],"class_list":{"0":"post-3158","1":"product","2":"type-product","3":"status-publish","4":"has-post-thumbnail","6":"product_cat-accessories","8":"first","9":"instock","10":"shipping-taxable","11":"product-type-simple"},"acf":[],"_links":{"self":[{"href":"https:\/\/www.pgeneral.com\/fr\/wp-json\/wp\/v2\/product\/3158","targetHints":{"allow":["GET"]}}],"collection":[{"href":"https:\/\/www.pgeneral.com\/fr\/wp-json\/wp\/v2\/product"}],"about":[{"href":"https:\/\/www.pgeneral.com\/fr\/wp-json\/wp\/v2\/types\/product"}],"replies":[{"embeddable":true,"href":"https:\/\/www.pgeneral.com\/fr\/wp-json\/wp\/v2\/comments?post=3158"}],"wp:featuredmedia":[{"embeddable":true,"href":"https:\/\/www.pgeneral.com\/fr\/wp-json\/wp\/v2\/media\/3144"}],"wp:attachment":[{"href":"https:\/\/www.pgeneral.com\/fr\/wp-json\/wp\/v2\/media?parent=3158"}],"wp:term":[{"taxonomy":"product_brand","embeddable":true,"href":"https:\/\/www.pgeneral.com\/fr\/wp-json\/wp\/v2\/product_brand?post=3158"},{"taxonomy":"product_cat","embeddable":true,"href":"https:\/\/www.pgeneral.com\/fr\/wp-json\/wp\/v2\/product_cat?post=3158"},{"taxonomy":"product_tag","embeddable":true,"href":"https:\/\/www.pgeneral.com\/fr\/wp-json\/wp\/v2\/product_tag?post=3158"}],"curies":[{"name":"WP","href":"https:\/\/api.w.org\/{rel}","templated":true}]}}