{"id":3156,"date":"2023-11-06T14:49:35","date_gmt":"2023-11-06T06:49:35","guid":{"rendered":"https:\/\/www.pgeneral.com\/?post_type=product&#038;p=3156"},"modified":"2023-11-06T14:50:55","modified_gmt":"2023-11-06T06:50:55","slug":"mr19-1-accessoire-de-reflexion-speculaire","status":"publish","type":"product","link":"https:\/\/www.pgeneral.com\/fr\/product\/mr19-1-specular-reflection-accessory\/","title":{"rendered":"Accessoire de r\u00e9flexion sp\u00e9culaire MR19-1"},"content":{"rendered":"","protected":false},"excerpt":{"rendered":"<p>Description: Il peut \u00eatre utilis\u00e9 pour mesurer le spectre de r\u00e9flexion sp\u00e9culaire des appartements optiques, des plans de cristaux et des absorbeurs d'interf\u00e9rence avec rev\u00eatement.<\/p>\n<p>Dimension des \u00e9chantillons:<\/p>\n<p>Longueur: 10-100 mm Largeur: 20-60 mm d'\u00e9paisseur: &lt;10 mm<\/p>","protected":false},"featured_media":3146,"comment_status":"open","ping_status":"closed","template":"","meta":{"_acf_changed":false},"product_brand":[],"product_cat":[80],"product_tag":[],"class_list":{"0":"post-3156","1":"product","2":"type-product","3":"status-publish","4":"has-post-thumbnail","6":"product_cat-accessories","8":"first","9":"instock","10":"shipping-taxable","11":"product-type-simple"},"acf":[],"_links":{"self":[{"href":"https:\/\/www.pgeneral.com\/fr\/wp-json\/wp\/v2\/product\/3156","targetHints":{"allow":["GET"]}}],"collection":[{"href":"https:\/\/www.pgeneral.com\/fr\/wp-json\/wp\/v2\/product"}],"about":[{"href":"https:\/\/www.pgeneral.com\/fr\/wp-json\/wp\/v2\/types\/product"}],"replies":[{"embeddable":true,"href":"https:\/\/www.pgeneral.com\/fr\/wp-json\/wp\/v2\/comments?post=3156"}],"wp:featuredmedia":[{"embeddable":true,"href":"https:\/\/www.pgeneral.com\/fr\/wp-json\/wp\/v2\/media\/3146"}],"wp:attachment":[{"href":"https:\/\/www.pgeneral.com\/fr\/wp-json\/wp\/v2\/media?parent=3156"}],"wp:term":[{"taxonomy":"product_brand","embeddable":true,"href":"https:\/\/www.pgeneral.com\/fr\/wp-json\/wp\/v2\/product_brand?post=3156"},{"taxonomy":"product_cat","embeddable":true,"href":"https:\/\/www.pgeneral.com\/fr\/wp-json\/wp\/v2\/product_cat?post=3156"},{"taxonomy":"product_tag","embeddable":true,"href":"https:\/\/www.pgeneral.com\/fr\/wp-json\/wp\/v2\/product_tag?post=3156"}],"curies":[{"name":"WP","href":"https:\/\/api.w.org\/{rel}","templated":true}]}}