{"id":3135,"date":"2023-11-06T13:38:08","date_gmt":"2023-11-06T05:38:08","guid":{"rendered":"https:\/\/www.pgeneral.com\/?post_type=product&#038;p=3135"},"modified":"2023-11-06T13:38:50","modified_gmt":"2023-11-06T05:38:50","slug":"mr181-1","status":"publish","type":"product","link":"https:\/\/www.pgeneral.com\/fr\/product\/mr181-1\/","title":{"rendered":"MR181-1"},"content":{"rendered":"","protected":false},"excerpt":{"rendered":"<p>Description:<\/p>\n<p>L'accessoire de r\u00e9flexion sp\u00e9culaire peut mesurer le spectre de r\u00e9flectance des surfaces optiques, des cristaux et des \u00e9chantillons rev\u00eatus.<\/p>\n<p>Zone d'\u00e9chantillon mesur\u00e9e: 11 \u00d7 9 mm \u00e0 60 \u00d7 40 mm<\/p>\n<p>Plage de longueurs d'onde: 200-1100 nm<\/p>\n<p>\u00c9paisseur: &lt;10 mm<\/p>","protected":false},"featured_media":3133,"comment_status":"open","ping_status":"closed","template":"","meta":{"_acf_changed":false},"product_brand":[],"product_cat":[80],"product_tag":[],"class_list":{"0":"post-3135","1":"product","2":"type-product","3":"status-publish","4":"has-post-thumbnail","6":"product_cat-accessories","8":"first","9":"instock","10":"shipping-taxable","11":"product-type-simple"},"acf":[],"_links":{"self":[{"href":"https:\/\/www.pgeneral.com\/fr\/wp-json\/wp\/v2\/product\/3135","targetHints":{"allow":["GET"]}}],"collection":[{"href":"https:\/\/www.pgeneral.com\/fr\/wp-json\/wp\/v2\/product"}],"about":[{"href":"https:\/\/www.pgeneral.com\/fr\/wp-json\/wp\/v2\/types\/product"}],"replies":[{"embeddable":true,"href":"https:\/\/www.pgeneral.com\/fr\/wp-json\/wp\/v2\/comments?post=3135"}],"wp:featuredmedia":[{"embeddable":true,"href":"https:\/\/www.pgeneral.com\/fr\/wp-json\/wp\/v2\/media\/3133"}],"wp:attachment":[{"href":"https:\/\/www.pgeneral.com\/fr\/wp-json\/wp\/v2\/media?parent=3135"}],"wp:term":[{"taxonomy":"product_brand","embeddable":true,"href":"https:\/\/www.pgeneral.com\/fr\/wp-json\/wp\/v2\/product_brand?post=3135"},{"taxonomy":"product_cat","embeddable":true,"href":"https:\/\/www.pgeneral.com\/fr\/wp-json\/wp\/v2\/product_cat?post=3135"},{"taxonomy":"product_tag","embeddable":true,"href":"https:\/\/www.pgeneral.com\/fr\/wp-json\/wp\/v2\/product_tag?post=3135"}],"curies":[{"name":"WP","href":"https:\/\/api.w.org\/{rel}","templated":true}]}}