{"id":1668,"date":"2023-04-27T16:53:35","date_gmt":"2023-04-27T08:53:35","guid":{"rendered":"http:\/\/www.pgeneral.com\/?post_type=product&#038;p=1668"},"modified":"2024-02-06T13:58:45","modified_gmt":"2024-02-06T05:58:45","slug":"t6u","status":"publish","type":"product","link":"https:\/\/www.pgeneral.com\/fr\/product\/t6u\/","title":{"rendered":"T6u uv-vis"},"content":{"rendered":"","protected":false},"excerpt":{"rendered":"<p>Les composants optiques de haute qualit\u00e9 garantissent des donn\u00e9es analytiques fiables avec une lumi\u00e8re parasite faible r\u00e9alis\u00e9e \u00e0 l'aide de circuits \u00e9lectroniques \u00e0 tr\u00e8s faible bruit.<\/p>\n<p>Le deut\u00e9rium et la source de lumi\u00e8re tungst\u00e8ne offrent une stabilit\u00e9 sup\u00e9rieure \u00e0 travers la plage de longueur d'onde compl\u00e8te.<\/p>\n<p>En mettant l'accent sur la fiabilit\u00e9 dans une empreinte compacte, les spectrom\u00e8tres d'entr\u00e9e de gamme de Persee d\u00e9finissent une nouvelle barre pour la valeur et la capacit\u00e9.<\/p>","protected":false},"featured_media":3272,"template":"","meta":{"_acf_changed":false},"product_brand":[],"product_cat":[15],"product_tag":[],"class_list":{"0":"post-1668","1":"product","2":"type-product","3":"status-publish","4":"has-post-thumbnail","6":"product_cat-molecular-spectrometer","8":"first","9":"instock","10":"shipping-taxable","11":"product-type-simple"},"acf":[],"_links":{"self":[{"href":"https:\/\/www.pgeneral.com\/fr\/wp-json\/wp\/v2\/product\/1668","targetHints":{"allow":["GET"]}}],"collection":[{"href":"https:\/\/www.pgeneral.com\/fr\/wp-json\/wp\/v2\/product"}],"about":[{"href":"https:\/\/www.pgeneral.com\/fr\/wp-json\/wp\/v2\/types\/product"}],"wp:featuredmedia":[{"embeddable":true,"href":"https:\/\/www.pgeneral.com\/fr\/wp-json\/wp\/v2\/media\/3272"}],"wp:attachment":[{"href":"https:\/\/www.pgeneral.com\/fr\/wp-json\/wp\/v2\/media?parent=1668"}],"wp:term":[{"taxonomy":"product_brand","embeddable":true,"href":"https:\/\/www.pgeneral.com\/fr\/wp-json\/wp\/v2\/product_brand?post=1668"},{"taxonomy":"product_cat","embeddable":true,"href":"https:\/\/www.pgeneral.com\/fr\/wp-json\/wp\/v2\/product_cat?post=1668"},{"taxonomy":"product_tag","embeddable":true,"href":"https:\/\/www.pgeneral.com\/fr\/wp-json\/wp\/v2\/product_tag?post=1668"}],"curies":[{"name":"WP","href":"https:\/\/api.w.org\/{rel}","templated":true}]}}