{"id":550,"date":"2022-09-06T14:12:06","date_gmt":"2022-09-06T06:12:06","guid":{"rendered":"http:\/\/www.pgeneral.com\/?post_type=product&#038;p=550"},"modified":"2023-12-12T13:55:33","modified_gmt":"2023-12-12T05:55:33","slug":"espectrometro-de-moleculas-8","status":"publish","type":"product","link":"https:\/\/www.pgeneral.com\/es\/product\/molecule-spectrometer-8\/","title":{"rendered":"SOFTWARE UVWIN 6\/GMP"},"content":{"rendered":"","protected":false},"excerpt":{"rendered":"<p>UVWIN es un poderoso producto de software intuitivo utilizado para la conectividad a la gama de espectrofot\u00f3metros UV-vis.<\/p>\n<p>El software UVWIN ofrece control de instrumentos completo junto con la adquisici\u00f3n de datos y una gran cantidad de herramientas matem\u00e1ticas para la interpretaci\u00f3n de los resultados de la medici\u00f3n.<\/p>\n<p>El software Uvwin se separa en cuatro espacios de trabajo clave:<\/p>\n<p>\u25c6 An\u00e1lisis espectral<\/p>\n<p>\u25c6 An\u00e1lisis cuantitativo<\/p>\n<p>\u25c6 An\u00e1lisis cin\u00e9tico<\/p>\n<p>\u25c6 An\u00e1lisis fotom\u00e9trico<\/p>","protected":false},"featured_media":2484,"comment_status":"open","ping_status":"closed","template":"","meta":{"_acf_changed":false},"product_brand":[],"product_cat":[15,52],"product_tag":[],"class_list":{"0":"post-550","1":"product","2":"type-product","3":"status-publish","4":"has-post-thumbnail","6":"product_cat-molecular-spectrometer","7":"product_cat-uv-vis-iq-oq-pq-qualification-kit","9":"first","10":"instock","11":"shipping-taxable","12":"product-type-simple"},"acf":[],"_links":{"self":[{"href":"https:\/\/www.pgeneral.com\/es\/wp-json\/wp\/v2\/product\/550","targetHints":{"allow":["GET"]}}],"collection":[{"href":"https:\/\/www.pgeneral.com\/es\/wp-json\/wp\/v2\/product"}],"about":[{"href":"https:\/\/www.pgeneral.com\/es\/wp-json\/wp\/v2\/types\/product"}],"replies":[{"embeddable":true,"href":"https:\/\/www.pgeneral.com\/es\/wp-json\/wp\/v2\/comments?post=550"}],"wp:featuredmedia":[{"embeddable":true,"href":"https:\/\/www.pgeneral.com\/es\/wp-json\/wp\/v2\/media\/2484"}],"wp:attachment":[{"href":"https:\/\/www.pgeneral.com\/es\/wp-json\/wp\/v2\/media?parent=550"}],"wp:term":[{"taxonomy":"product_brand","embeddable":true,"href":"https:\/\/www.pgeneral.com\/es\/wp-json\/wp\/v2\/product_brand?post=550"},{"taxonomy":"product_cat","embeddable":true,"href":"https:\/\/www.pgeneral.com\/es\/wp-json\/wp\/v2\/product_cat?post=550"},{"taxonomy":"product_tag","embeddable":true,"href":"https:\/\/www.pgeneral.com\/es\/wp-json\/wp\/v2\/product_tag?post=550"}],"curies":[{"name":"WP","href":"https:\/\/api.w.org\/{rel}","templated":true}]}}