{"id":3166,"date":"2023-11-06T15:26:24","date_gmt":"2023-11-06T07:26:24","guid":{"rendered":"https:\/\/www.pgeneral.com\/?post_type=product&#038;p=3166"},"modified":"2023-11-06T15:26:24","modified_gmt":"2023-11-06T07:26:24","slug":"ds19-1-soporte-para-muestras-solidas-de-angulo-ajustable","status":"publish","type":"product","link":"https:\/\/www.pgeneral.com\/es\/product\/ds19-1-adjustable-angle-solid-sample-holder\/","title":{"rendered":"Soporte de muestra s\u00f3lida de \u00e1ngulo ajustable DS19-1"},"content":{"rendered":"","protected":false},"excerpt":{"rendered":"<p>Descripci\u00f3n:<\/p>\n<p>Se usa para medir muestras s\u00f3lidas.<\/p>\n<p>Rango de longitud de onda: 190-900 nm<\/p>\n<p>Rango de \u00e1ngulo variable: \u00b1 45 \u00b0<\/p>\n<p>Tama\u00f1o m\u00ednimo de muestra: \u03c64mm,<\/p>\n<p>Tama\u00f1o m\u00e1ximo de la muestra: 80x55x5 mm<\/p>","protected":false},"featured_media":3140,"comment_status":"open","ping_status":"closed","template":"","meta":{"_acf_changed":false},"product_brand":[],"product_cat":[80],"product_tag":[],"class_list":{"0":"post-3166","1":"product","2":"type-product","3":"status-publish","4":"has-post-thumbnail","6":"product_cat-accessories","8":"first","9":"instock","10":"shipping-taxable","11":"product-type-simple"},"acf":[],"_links":{"self":[{"href":"https:\/\/www.pgeneral.com\/es\/wp-json\/wp\/v2\/product\/3166","targetHints":{"allow":["GET"]}}],"collection":[{"href":"https:\/\/www.pgeneral.com\/es\/wp-json\/wp\/v2\/product"}],"about":[{"href":"https:\/\/www.pgeneral.com\/es\/wp-json\/wp\/v2\/types\/product"}],"replies":[{"embeddable":true,"href":"https:\/\/www.pgeneral.com\/es\/wp-json\/wp\/v2\/comments?post=3166"}],"wp:featuredmedia":[{"embeddable":true,"href":"https:\/\/www.pgeneral.com\/es\/wp-json\/wp\/v2\/media\/3140"}],"wp:attachment":[{"href":"https:\/\/www.pgeneral.com\/es\/wp-json\/wp\/v2\/media?parent=3166"}],"wp:term":[{"taxonomy":"product_brand","embeddable":true,"href":"https:\/\/www.pgeneral.com\/es\/wp-json\/wp\/v2\/product_brand?post=3166"},{"taxonomy":"product_cat","embeddable":true,"href":"https:\/\/www.pgeneral.com\/es\/wp-json\/wp\/v2\/product_cat?post=3166"},{"taxonomy":"product_tag","embeddable":true,"href":"https:\/\/www.pgeneral.com\/es\/wp-json\/wp\/v2\/product_tag?post=3166"}],"curies":[{"name":"WP","href":"https:\/\/api.w.org\/{rel}","templated":true}]}}